{"id":35,"date":"2022-10-03T20:33:40","date_gmt":"2022-10-03T20:33:40","guid":{"rendered":"http:\/\/www.ilgeipek.com\/tr\/about\/"},"modified":"2022-10-03T21:02:45","modified_gmt":"2022-10-03T21:02:45","slug":"about","status":"publish","type":"page","link":"http:\/\/www.ilgeipek.com\/tr\/about\/","title":{"rendered":"About"},"content":{"rendered":"\n<figure class=\"wp-block-image alignwide size-large\"><img loading=\"lazy\" width=\"1024\" height=\"576\" src=\"http:\/\/www.ilgeipek.com\/tr\/wp-content\/uploads\/2022\/10\/A6401772-1-1024x576.jpg\" alt=\"\" class=\"wp-image-62\" srcset=\"http:\/\/www.ilgeipek.com\/tr\/wp-content\/uploads\/2022\/10\/A6401772-1-1024x576.jpg 1024w, http:\/\/www.ilgeipek.com\/tr\/wp-content\/uploads\/2022\/10\/A6401772-1-300x169.jpg 300w, http:\/\/www.ilgeipek.com\/tr\/wp-content\/uploads\/2022\/10\/A6401772-1-768x432.jpg 768w, http:\/\/www.ilgeipek.com\/tr\/wp-content\/uploads\/2022\/10\/A6401772-1-1536x864.jpg 1536w, http:\/\/www.ilgeipek.com\/tr\/wp-content\/uploads\/2022\/10\/A6401772-1-600x338.jpg 600w, http:\/\/www.ilgeipek.com\/tr\/wp-content\/uploads\/2022\/10\/A6401772-1.jpg 1777w\" sizes=\"(max-width: 1024px) 100vw, 1024px\" \/><\/figure>\n\n\n\n<h1 class=\"has-text-align-center\">Merhaba, Ben \u0130lge<\/h1>\n\n\n\n<p>\u00c7ocuklu\u011fumdan beri bir \u015feyleri bozup ba\u015fka \u015feyler yapmaktay\u0131m. Bu s\u00fcre\u00e7ten zevk ald\u0131\u011f\u0131m i\u00e7in ya\u015fad\u0131klar\u0131m\u0131 vlog halinde sizinle payla\u015fmak istiyorum. \u00c7ocuklu\u011fumda ba\u015flayan bu s\u00fcre\u00e7 beni mekatronik m\u00fchendisi yapt\u0131. Bu sebeple \u00f6zellikle meslek se\u00e7iminde sevdi\u011finiz i\u015fi yapman\u0131n da neye merak duydu\u011funuzu farketmekte ge\u00e7ti\u011fine eminim. \u015eu anda \u00e7al\u0131\u015ft\u0131\u011f\u0131m firmada elektronik ve yaz\u0131l\u0131m \u00fczerine i\u00e7erikler \u00fcretmekteyim. Bu i\u015fleri yaparken mutfak k\u0131sm\u0131n\u0131 da g\u00f6stermek istiyorum. <\/p>\n\n\n\n<p>Elektronik, yaz\u0131l\u0131m, mekanik veya kendin yap alanlar\u0131 ile ilgili merak etti\u011finiz t\u00fcm sorular\u0131 yorum olarak yazabilirsiniz. \u0130mkanlar\u0131m el verdi\u011fince bunlar\u0131 deneyip birlikte deneyimleyece\u011fiz \ud83d\ude42 Keyifli seyirler.. <\/p>\n\n\n\n<p>Bu arada ele\u015ftiri yapmay\u0131 ihmal etmeyin. Bu sayede kendimi geli\u015ftirebilirim&#8230; A\u015fa\u011f\u0131daki e-mail adresi \u0130\u015e B\u0130RL\u0130KTEL\u0130KLER\u0130 i\u00e7indir, teknik sorular\u0131n\u0131z i\u00e7in DE\u011e\u0130LD\u0130R. Teknik sorular\u0131n\u0131z\u0131 video alt\u0131ndaki yorumlara veya discord kanal\u0131m\u0131zdan sorabilirsiniz.<\/p>\n\n\n\n<figure class=\"wp-block-table\"><table><tbody><tr><td><a target=\"_blank\" href=\"mailto:ilge.ipek@temagency.com\" rel=\"noreferrer noopener\"><br>ilge.ipek@temagency.com<\/a><\/td><\/tr><\/tbody><\/table><\/figure>\n","protected":false},"excerpt":{"rendered":"<p>Merhaba, Ben \u0130lge \u00c7ocuklu\u011fumdan beri bir \u015feyleri bozup ba\u015fka \u015feyler yapmaktay\u0131m. Bu s\u00fcre\u00e7ten zevk ald\u0131\u011f\u0131m i\u00e7in ya\u015fad\u0131klar\u0131m\u0131 vlog halinde sizinle payla\u015fmak istiyorum. \u00c7ocuklu\u011fumda ba\u015flayan bu s\u00fcre\u00e7 beni mekatronik m\u00fchendisi yapt\u0131. Bu sebeple \u00f6zellikle meslek se\u00e7iminde sevdi\u011finiz i\u015fi yapman\u0131n da neye merak duydu\u011funuzu farketmekte ge\u00e7ti\u011fine eminim. \u015eu anda \u00e7al\u0131\u015ft\u0131\u011f\u0131m firmada elektronik ve yaz\u0131l\u0131m \u00fczerine i\u00e7erikler \u00fcretmekteyim&#8230;.<\/p>\n","protected":false},"author":1,"featured_media":0,"parent":0,"menu_order":0,"comment_status":"closed","ping_status":"closed","template":"","meta":{"_coblocks_attr":"","_coblocks_dimensions":"","_coblocks_responsive_height":"","_coblocks_accordion_ie_support":""},"_links":{"self":[{"href":"http:\/\/www.ilgeipek.com\/tr\/wp-json\/wp\/v2\/pages\/35"}],"collection":[{"href":"http:\/\/www.ilgeipek.com\/tr\/wp-json\/wp\/v2\/pages"}],"about":[{"href":"http:\/\/www.ilgeipek.com\/tr\/wp-json\/wp\/v2\/types\/page"}],"author":[{"embeddable":true,"href":"http:\/\/www.ilgeipek.com\/tr\/wp-json\/wp\/v2\/users\/1"}],"replies":[{"embeddable":true,"href":"http:\/\/www.ilgeipek.com\/tr\/wp-json\/wp\/v2\/comments?post=35"}],"version-history":[{"count":3,"href":"http:\/\/www.ilgeipek.com\/tr\/wp-json\/wp\/v2\/pages\/35\/revisions"}],"predecessor-version":[{"id":64,"href":"http:\/\/www.ilgeipek.com\/tr\/wp-json\/wp\/v2\/pages\/35\/revisions\/64"}],"wp:attachment":[{"href":"http:\/\/www.ilgeipek.com\/tr\/wp-json\/wp\/v2\/media?parent=35"}],"curies":[{"name":"wp","href":"https:\/\/api.w.org\/{rel}","templated":true}]}}